{"id":53,"date":"2023-11-08T11:26:54","date_gmt":"2023-11-08T11:26:54","guid":{"rendered":"https:\/\/eutechnology.ch\/?page_id=53"},"modified":"2023-12-20T17:44:41","modified_gmt":"2023-12-20T17:44:41","slug":"nos-certificats","status":"publish","type":"page","link":"https:\/\/eutechnology.ch\/?page_id=53","title":{"rendered":"Certifications"},"content":{"rendered":"\t\t<div data-elementor-type=\"wp-page\" data-elementor-id=\"53\" class=\"elementor elementor-53\">\n\t\t\t\t<div class=\"elementor-element elementor-element-4d97c718 e-con-full e-flex e-con e-parent\" data-id=\"4d97c718\" data-element_type=\"container\">\n\t\t\t\t<div class=\"elementor-element elementor-element-41c81ea7 elementor-widget elementor-widget-image\" data-id=\"41c81ea7\" data-element_type=\"widget\" data-widget_type=\"image.default\">\n\t\t\t\t<div class=\"elementor-widget-container\">\n\t\t\t\t\t\t\t\t\t\t\t\t\t<img decoding=\"async\" src=\"https:\/\/eutechnology.ch\/wp-content\/uploads\/elementor\/thumbs\/telechargement-qf2cphffcfzvgsjajchp6tgttglxh3r2gwaqh35fqg.jpg\" title=\"t\u00e9l\u00e9chargement\" alt=\"t\u00e9l\u00e9chargement\" loading=\"lazy\" \/>\t\t\t\t\t\t\t\t\t\t\t\t\t<\/div>\n\t\t\t\t<\/div>\n\t\t\t\t<\/div>\n\t\t<div class=\"elementor-element elementor-element-1bd572d1 e-con-full e-flex e-con e-parent\" data-id=\"1bd572d1\" data-element_type=\"container\">\n\t\t<div class=\"elementor-element elementor-element-32fc21ff e-con-full e-flex e-con e-child\" data-id=\"32fc21ff\" data-element_type=\"container\">\n\t\t\t\t<div class=\"elementor-element elementor-element-3cdc18c5 elementor-widget elementor-widget-wp-widget-maxmegamenu\" data-id=\"3cdc18c5\" data-element_type=\"widget\" data-widget_type=\"wp-widget-maxmegamenu.default\">\n\t\t\t\t<div class=\"elementor-widget-container\">\n\t\t\t<div id=\"mega-menu-wrap-max_mega_menu_1\" class=\"mega-menu-wrap\"><div class=\"mega-menu-toggle\"><div class=\"mega-toggle-blocks-left\"><\/div><div class=\"mega-toggle-blocks-center\"><\/div><div class=\"mega-toggle-blocks-right\"><div class='mega-toggle-block mega-menu-toggle-animated-block mega-toggle-block-0' id='mega-toggle-block-0'><button aria-controls=\"mega-menu-max_mega_menu_1\" aria-expanded=\"false\" aria-haspopup=\"true\" aria-label=\"Toggle Menu\" class=\"mega-toggle-animated mega-toggle-animated-slider\" type=\"button\">\n                  <span class=\"mega-toggle-animated-box\">\n                    <span class=\"mega-toggle-animated-inner\"><\/span>\n                  <\/span>\n                <\/button><\/div><\/div><\/div><ul id=\"mega-menu-max_mega_menu_1\" class=\"mega-menu max-mega-menu mega-menu-horizontal mega-no-js\" data-event=\"hover_intent\" data-effect=\"fade_up\" data-effect-speed=\"200\" data-effect-mobile=\"disabled\" data-effect-speed-mobile=\"0\" data-mobile-force-width=\"false\" data-second-click=\"go\" data-document-click=\"collapse\" data-vertical-behaviour=\"standard\" data-breakpoint=\"768\" data-unbind=\"true\" data-mobile-state=\"collapse_all\" data-mobile-direction=\"vertical\"><li class=\"mega-menu-item mega-menu-item-type-post_type mega-menu-item-object-page mega-menu-item-home mega-align-bottom-left mega-menu-flyout mega-menu-item-40\" id=\"mega-menu-item-40\"><a class=\"mega-menu-link\" href=\"https:\/\/eutechnology.ch\/\">ACCUEIL<\/a><\/li><li class=\"mega-menu-item mega-menu-item-type-post_type mega-menu-item-object-page mega-menu-item-has-children mega-align-bottom-left mega-menu-flyout mega-menu-item-46\" id=\"mega-menu-item-46\"><a class=\"mega-menu-link\" href=\"https:\/\/eutechnology.ch\/?page_id=9\" aria-expanded=\"false\" aria-controls=\"mega-sub-menu-46\">NOTRE SOCIETE<span class=\"mega-indicator\" aria-hidden=\"true\"><\/span><\/a>\n<ul class=\"mega-sub-menu\" id='mega-sub-menu-46'>\n<li class=\"mega-menu-item mega-menu-item-type-post_type mega-menu-item-object-page mega-menu-item-51\" id=\"mega-menu-item-51\"><a class=\"mega-menu-link\" href=\"https:\/\/eutechnology.ch\/?page_id=11\">Qui sommes nous<\/a><\/li><li class=\"mega-menu-item mega-menu-item-type-post_type mega-menu-item-object-page mega-menu-item-47\" id=\"mega-menu-item-47\"><a class=\"mega-menu-link\" href=\"https:\/\/eutechnology.ch\/?page_id=13\">Les dirigeants<\/a><\/li><li class=\"mega-menu-item mega-menu-item-type-post_type mega-menu-item-object-page mega-menu-item-50\" id=\"mega-menu-item-50\"><a class=\"mega-menu-link\" href=\"https:\/\/eutechnology.ch\/?page_id=15\">Notre r\u00e9seau<\/a><\/li><li class=\"mega-menu-item mega-menu-item-type-post_type mega-menu-item-object-page mega-menu-item-48\" id=\"mega-menu-item-48\"><a class=\"mega-menu-link\" href=\"https:\/\/eutechnology.ch\/?page_id=17\">Nos partenaires<\/a><\/li><li class=\"mega-menu-item mega-menu-item-type-post_type mega-menu-item-object-page mega-menu-item-49\" id=\"mega-menu-item-49\"><a class=\"mega-menu-link\" href=\"https:\/\/eutechnology.ch\/?page_id=19\">Nos r\u00e9f\u00e9rences<\/a><\/li><\/ul>\n<\/li><li class=\"mega-menu-item mega-menu-item-type-post_type mega-menu-item-object-page mega-menu-item-has-children mega-align-bottom-left mega-menu-flyout mega-menu-item-42\" id=\"mega-menu-item-42\"><a class=\"mega-menu-link\" href=\"https:\/\/eutechnology.ch\/?page_id=21\" aria-expanded=\"false\" aria-controls=\"mega-sub-menu-42\">NOTRE EXPERTISE<span class=\"mega-indicator\" aria-hidden=\"true\"><\/span><\/a>\n<ul class=\"mega-sub-menu\" id='mega-sub-menu-42'>\n<li class=\"mega-menu-item mega-menu-item-type-post_type mega-menu-item-object-page mega-menu-item-44\" id=\"mega-menu-item-44\"><a class=\"mega-menu-link\" href=\"https:\/\/eutechnology.ch\/?page_id=25\">Infrastructure<\/a><\/li><li class=\"mega-menu-item mega-menu-item-type-post_type mega-menu-item-object-page mega-menu-item-43\" id=\"mega-menu-item-43\"><a class=\"mega-menu-link\" href=\"https:\/\/eutechnology.ch\/?page_id=23\">Gestion des donn\u00e9es<\/a><\/li><li class=\"mega-menu-item mega-menu-item-type-post_type mega-menu-item-object-page mega-menu-item-45\" id=\"mega-menu-item-45\"><a class=\"mega-menu-link\" href=\"https:\/\/eutechnology.ch\/?page_id=27\">Maintenance<\/a><\/li><li class=\"mega-menu-item mega-menu-item-type-post_type mega-menu-item-object-page mega-menu-item-55\" id=\"mega-menu-item-55\"><a class=\"mega-menu-link\" href=\"https:\/\/eutechnology.ch\/?page_id=53\">Certifications<\/a><\/li><\/ul>\n<\/li><li class=\"mega-menu-item mega-menu-item-type-post_type mega-menu-item-object-page mega-align-bottom-left mega-menu-flyout mega-menu-item-52\" id=\"mega-menu-item-52\"><a class=\"mega-menu-link\" href=\"https:\/\/eutechnology.ch\/?page_id=29\">CONTACTS<\/a><\/li><\/ul><\/div>\t\t<\/div>\n\t\t\t\t<\/div>\n\t\t\t\t<\/div>\n\t\t\t\t<\/div>\n\t\t<div class=\"elementor-element elementor-element-79ad8b2f e-con-full e-flex e-con e-parent\" data-id=\"79ad8b2f\" data-element_type=\"container\" data-settings=\"{&quot;background_background&quot;:&quot;classic&quot;}\">\n\t\t\t\t<div class=\"elementor-element elementor-element-1033e10e elementor-widget elementor-widget-spacer\" data-id=\"1033e10e\" data-element_type=\"widget\" data-widget_type=\"spacer.default\">\n\t\t\t\t<div class=\"elementor-widget-container\">\n\t\t\t\t\t<div class=\"elementor-spacer\">\n\t\t\t<div class=\"elementor-spacer-inner\"><\/div>\n\t\t<\/div>\n\t\t\t\t<\/div>\n\t\t\t\t<\/div>\n\t\t\t\t<div class=\"elementor-element elementor-element-3830198f elementor-widget__width-inherit elementor-widget elementor-widget-heading\" data-id=\"3830198f\" data-element_type=\"widget\" data-widget_type=\"heading.default\">\n\t\t\t\t<div class=\"elementor-widget-container\">\n\t\t\t<h2 class=\"elementor-heading-title elementor-size-default\">Certifications<\/h2>\t\t<\/div>\n\t\t\t\t<\/div>\n\t\t\t\t<\/div>\n\t\t<div class=\"elementor-element elementor-element-5de22ee e-flex e-con-boxed e-con e-parent\" data-id=\"5de22ee\" data-element_type=\"container\">\n\t\t\t\t\t<div class=\"e-con-inner\">\n\t\t\t\t<div class=\"elementor-element elementor-element-51e32b0 elementor-widget elementor-widget-spacer\" data-id=\"51e32b0\" data-element_type=\"widget\" data-widget_type=\"spacer.default\">\n\t\t\t\t<div class=\"elementor-widget-container\">\n\t\t\t\t\t<div class=\"elementor-spacer\">\n\t\t\t<div class=\"elementor-spacer-inner\"><\/div>\n\t\t<\/div>\n\t\t\t\t<\/div>\n\t\t\t\t<\/div>\n\t\t\t\t\t<\/div>\n\t\t\t\t<\/div>\n\t\t<div class=\"elementor-element elementor-element-e2974f0 e-flex e-con-boxed e-con e-parent\" data-id=\"e2974f0\" data-element_type=\"container\">\n\t\t\t\t\t<div class=\"e-con-inner\">\n\t\t\t\t<div class=\"elementor-element elementor-element-b7b8215 elementor-widget elementor-widget-image\" data-id=\"b7b8215\" data-element_type=\"widget\" data-widget_type=\"image.default\">\n\t\t\t\t<div class=\"elementor-widget-container\">\n\t\t\t\t\t\t\t\t\t\t\t\t\t<img fetchpriority=\"high\" decoding=\"async\" width=\"856\" height=\"1024\" src=\"https:\/\/eutechnology.ch\/wp-content\/uploads\/2023\/12\/certificat-856x1024.jpg\" class=\"attachment-large size-large wp-image-716\" alt=\"\" srcset=\"https:\/\/eutechnology.ch\/wp-content\/uploads\/2023\/12\/certificat-856x1024.jpg 856w, https:\/\/eutechnology.ch\/wp-content\/uploads\/2023\/12\/certificat-251x300.jpg 251w, https:\/\/eutechnology.ch\/wp-content\/uploads\/2023\/12\/certificat-768x919.jpg 768w, https:\/\/eutechnology.ch\/wp-content\/uploads\/2023\/12\/certificat-1284x1536.jpg 1284w, https:\/\/eutechnology.ch\/wp-content\/uploads\/2023\/12\/certificat-1712x2048.jpg 1712w, https:\/\/eutechnology.ch\/wp-content\/uploads\/2023\/12\/certificat-200x239.jpg 200w\" sizes=\"(max-width: 856px) 100vw, 856px\" \/>\t\t\t\t\t\t\t\t\t\t\t\t\t<\/div>\n\t\t\t\t<\/div>\n\t\t\t\t\t<\/div>\n\t\t\t\t<\/div>\n\t\t<div class=\"elementor-element elementor-element-f090828 e-flex e-con-boxed e-con e-parent\" data-id=\"f090828\" data-element_type=\"container\">\n\t\t\t\t\t<div class=\"e-con-inner\">\n\t\t\t\t<div class=\"elementor-element elementor-element-2ff71c4 elementor-widget elementor-widget-spacer\" data-id=\"2ff71c4\" data-element_type=\"widget\" data-widget_type=\"spacer.default\">\n\t\t\t\t<div class=\"elementor-widget-container\">\n\t\t\t\t\t<div class=\"elementor-spacer\">\n\t\t\t<div class=\"elementor-spacer-inner\"><\/div>\n\t\t<\/div>\n\t\t\t\t<\/div>\n\t\t\t\t<\/div>\n\t\t\t\t\t<\/div>\n\t\t\t\t<\/div>\n\t\t<div class=\"elementor-element elementor-element-7555c6a8 e-flex e-con-boxed e-con e-parent\" data-id=\"7555c6a8\" data-element_type=\"container\" data-settings=\"{&quot;background_background&quot;:&quot;classic&quot;}\">\n\t\t\t\t\t<div class=\"e-con-inner\">\n\t\t\t\t<div class=\"elementor-element elementor-element-58733f30 elementor-widget elementor-widget-spacer\" data-id=\"58733f30\" data-element_type=\"widget\" data-widget_type=\"spacer.default\">\n\t\t\t\t<div class=\"elementor-widget-container\">\n\t\t\t\t\t<div class=\"elementor-spacer\">\n\t\t\t<div class=\"elementor-spacer-inner\"><\/div>\n\t\t<\/div>\n\t\t\t\t<\/div>\n\t\t\t\t<\/div>\n\t\t\t\t\t<\/div>\n\t\t\t\t<\/div>\n\t\t<div class=\"elementor-element elementor-element-1ecc21f8 e-flex e-con-boxed e-con e-parent\" data-id=\"1ecc21f8\" data-element_type=\"container\" data-settings=\"{&quot;background_background&quot;:&quot;classic&quot;}\">\n\t\t\t\t\t<div class=\"e-con-inner\">\n\t\t<div class=\"elementor-element elementor-element-3358ac7c e-con-full e-flex e-con e-child\" data-id=\"3358ac7c\" data-element_type=\"container\">\n\t\t\t\t<div class=\"elementor-element elementor-element-3d31d121 elementor-widget elementor-widget-heading\" data-id=\"3d31d121\" data-element_type=\"widget\" data-widget_type=\"heading.default\">\n\t\t\t\t<div class=\"elementor-widget-container\">\n\t\t\t<h2 class=\"elementor-heading-title elementor-size-default\">Nos pages<\/h2>\t\t<\/div>\n\t\t\t\t<\/div>\n\t\t\t\t<div class=\"elementor-element elementor-element-196b0427 elementor-widget elementor-widget-heading\" data-id=\"196b0427\" data-element_type=\"widget\" data-widget_type=\"heading.default\">\n\t\t\t\t<div class=\"elementor-widget-container\">\n\t\t\t<h2 class=\"elementor-heading-title elementor-size-default\">&gt; Accueil<\/h2>\t\t<\/div>\n\t\t\t\t<\/div>\n\t\t\t\t<div class=\"elementor-element elementor-element-2e7f8da7 elementor-widget elementor-widget-heading\" data-id=\"2e7f8da7\" data-element_type=\"widget\" data-widget_type=\"heading.default\">\n\t\t\t\t<div class=\"elementor-widget-container\">\n\t\t\t<h2 class=\"elementor-heading-title elementor-size-default\">&gt; Notre Soci\u00e9t\u00e9<\/h2>\t\t<\/div>\n\t\t\t\t<\/div>\n\t\t\t\t<div class=\"elementor-element elementor-element-6546b2f7 elementor-widget elementor-widget-heading\" data-id=\"6546b2f7\" data-element_type=\"widget\" data-widget_type=\"heading.default\">\n\t\t\t\t<div class=\"elementor-widget-container\">\n\t\t\t<h2 class=\"elementor-heading-title elementor-size-default\">&gt; Nos Comp\u00e9tences et nos Produits<\/h2>\t\t<\/div>\n\t\t\t\t<\/div>\n\t\t\t\t<\/div>\n\t\t<div class=\"elementor-element elementor-element-1923e73c e-con-full e-flex e-con e-child\" data-id=\"1923e73c\" data-element_type=\"container\">\n\t\t\t\t<div class=\"elementor-element elementor-element-1e500568 elementor-widget elementor-widget-heading\" data-id=\"1e500568\" data-element_type=\"widget\" data-widget_type=\"heading.default\">\n\t\t\t\t<div class=\"elementor-widget-container\">\n\t\t\t<h2 class=\"elementor-heading-title elementor-size-default\">Contacts<\/h2>\t\t<\/div>\n\t\t\t\t<\/div>\n\t\t\t\t<div class=\"elementor-element elementor-element-53cfc872 elementor-widget elementor-widget-heading\" data-id=\"53cfc872\" data-element_type=\"widget\" data-widget_type=\"heading.default\">\n\t\t\t\t<div class=\"elementor-widget-container\">\n\t\t\t<h2 class=\"elementor-heading-title elementor-size-default\">EU TECHNOLOGY SA<\/h2>\t\t<\/div>\n\t\t\t\t<\/div>\n\t\t\t\t<div class=\"elementor-element elementor-element-2a4b07f4 elementor-widget elementor-widget-heading\" data-id=\"2a4b07f4\" data-element_type=\"widget\" data-widget_type=\"heading.default\">\n\t\t\t\t<div class=\"elementor-widget-container\">\n\t\t\t<h2 class=\"elementor-heading-title elementor-size-default\">14, Rue du Bassin<\/h2>\t\t<\/div>\n\t\t\t\t<\/div>\n\t\t\t\t<div class=\"elementor-element elementor-element-5dceea75 elementor-widget elementor-widget-heading\" data-id=\"5dceea75\" data-element_type=\"widget\" data-widget_type=\"heading.default\">\n\t\t\t\t<div class=\"elementor-widget-container\">\n\t\t\t<h2 class=\"elementor-heading-title elementor-size-default\">2000 NEUCHATEL - SUISSE<\/h2>\t\t<\/div>\n\t\t\t\t<\/div>\n\t\t\t\t<div class=\"elementor-element elementor-element-6e4f0cc4 elementor-widget elementor-widget-heading\" data-id=\"6e4f0cc4\" data-element_type=\"widget\" data-widget_type=\"heading.default\">\n\t\t\t\t<div class=\"elementor-widget-container\">\n\t\t\t<h2 class=\"elementor-heading-title elementor-size-default\">Tel\u00a0:\u00a041 32\u00a0722 59 00<\/h2>\t\t<\/div>\n\t\t\t\t<\/div>\n\t\t\t\t<div class=\"elementor-element elementor-element-43d43ee4 elementor-widget elementor-widget-heading\" data-id=\"43d43ee4\" data-element_type=\"widget\" data-widget_type=\"heading.default\">\n\t\t\t\t<div class=\"elementor-widget-container\">\n\t\t\t<h2 class=\"elementor-heading-title elementor-size-default\">Email\u00a0:\u00a0info@eutechnology.ch<\/h2>\t\t<\/div>\n\t\t\t\t<\/div>\n\t\t\t\t<\/div>\n\t\t<div class=\"elementor-element elementor-element-25ba443e e-con-full e-flex e-con e-child\" data-id=\"25ba443e\" data-element_type=\"container\">\n\t\t\t\t<div class=\"elementor-element elementor-element-561a2cef elementor-widget elementor-widget-heading\" data-id=\"561a2cef\" data-element_type=\"widget\" data-widget_type=\"heading.default\">\n\t\t\t\t<div class=\"elementor-widget-container\">\n\t\t\t<h2 class=\"elementor-heading-title elementor-size-default\">Gallerie<\/h2>\t\t<\/div>\n\t\t\t\t<\/div>\n\t\t\t\t<div class=\"elementor-element elementor-element-171273bf elementor-widget elementor-widget-image-gallery\" data-id=\"171273bf\" data-element_type=\"widget\" data-widget_type=\"image-gallery.default\">\n\t\t\t\t<div class=\"elementor-widget-container\">\n\t\t\t\t\t<div class=\"elementor-image-gallery\">\n\t\t\t<div id='gallery-1' class='gallery galleryid-53 gallery-columns-4 gallery-size-thumbnail'><figure class='gallery-item'>\n\t\t\t<div class='gallery-icon landscape'>\n\t\t\t\t<a data-elementor-open-lightbox=\"yes\" data-elementor-lightbox-slideshow=\"171273bf\" data-e-action-hash=\"#elementor-action%3Aaction%3Dlightbox%26settings%3DeyJpZCI6ODEsInVybCI6Imh0dHBzOlwvXC9ldXRlY2hub2xvZ3kuY2hcL3dwLWNvbnRlbnRcL3VwbG9hZHNcLzIwMjNcLzExXC9qZXVuZS1pbmdlbmlldXItYWR1bHRlLXRlbmFudC1wdWNlLWluZm9ybWF0aXF1ZS1zb3VkZWUtZ2VuZXJlZS1wYXItaWEtc2NhbGVkLmpwZyIsInNsaWRlc2hvdyI6IjE3MTI3M2JmIn0%3D\" href='https:\/\/eutechnology.ch\/wp-content\/uploads\/2023\/11\/jeune-ingenieur-adulte-tenant-puce-informatique-soudee-generee-par-ia-scaled.jpg'><img decoding=\"async\" width=\"150\" height=\"150\" src=\"https:\/\/eutechnology.ch\/wp-content\/uploads\/2023\/11\/jeune-ingenieur-adulte-tenant-puce-informatique-soudee-generee-par-ia-150x150.jpg\" class=\"attachment-thumbnail size-thumbnail\" alt=\"\" \/><\/a>\n\t\t\t<\/div><\/figure><figure class='gallery-item'>\n\t\t\t<div class='gallery-icon landscape'>\n\t\t\t\t<a data-elementor-open-lightbox=\"yes\" data-elementor-lightbox-slideshow=\"171273bf\" data-e-action-hash=\"#elementor-action%3Aaction%3Dlightbox%26settings%3DeyJpZCI6ODAsInVybCI6Imh0dHBzOlwvXC9ldXRlY2hub2xvZ3kuY2hcL3dwLWNvbnRlbnRcL3VwbG9hZHNcLzIwMjNcLzExXC9jb25jZXB0LWNvbnRyb2xlLXF1YWxpdGUtc3RhbmRhcmQtbS0xLXNjYWxlZC5qcGciLCJzbGlkZXNob3ciOiIxNzEyNzNiZiJ9\" href='https:\/\/eutechnology.ch\/wp-content\/uploads\/2023\/11\/concept-controle-qualite-standard-m-1-scaled.jpg'><img decoding=\"async\" width=\"150\" height=\"150\" src=\"https:\/\/eutechnology.ch\/wp-content\/uploads\/2023\/11\/concept-controle-qualite-standard-m-1-150x150.jpg\" class=\"attachment-thumbnail size-thumbnail\" alt=\"\" \/><\/a>\n\t\t\t<\/div><\/figure><figure class='gallery-item'>\n\t\t\t<div class='gallery-icon landscape'>\n\t\t\t\t<a data-elementor-open-lightbox=\"yes\" data-elementor-lightbox-slideshow=\"171273bf\" data-e-action-hash=\"#elementor-action%3Aaction%3Dlightbox%26settings%3DeyJpZCI6NzcsInVybCI6Imh0dHBzOlwvXC9ldXRlY2hub2xvZ3kuY2hcL3dwLWNvbnRlbnRcL3VwbG9hZHNcLzIwMjNcLzExXC9jb25jZXB0LWNvbGxhZ2UtaHRtbC1jc3MtcGVyc29ubmUtc2NhbGVkLmpwZyIsInNsaWRlc2hvdyI6IjE3MTI3M2JmIn0%3D\" href='https:\/\/eutechnology.ch\/wp-content\/uploads\/2023\/11\/concept-collage-html-css-personne-scaled.jpg'><img loading=\"lazy\" decoding=\"async\" width=\"150\" height=\"150\" src=\"https:\/\/eutechnology.ch\/wp-content\/uploads\/2023\/11\/concept-collage-html-css-personne-150x150.jpg\" class=\"attachment-thumbnail size-thumbnail\" alt=\"\" \/><\/a>\n\t\t\t<\/div><\/figure><figure class='gallery-item'>\n\t\t\t<div class='gallery-icon landscape'>\n\t\t\t\t<a data-elementor-open-lightbox=\"yes\" data-elementor-lightbox-slideshow=\"171273bf\" data-e-action-hash=\"#elementor-action%3Aaction%3Dlightbox%26settings%3DeyJpZCI6NzgsInVybCI6Imh0dHBzOlwvXC9ldXRlY2hub2xvZ3kuY2hcL3dwLWNvbnRlbnRcL3VwbG9hZHNcLzIwMjNcLzExXC9jb25jZXB0LWNvbnRyb2xlLXF1YWxpdGUtc3RhbmRhcmQtbS1zY2FsZWQuanBnIiwic2xpZGVzaG93IjoiMTcxMjczYmYifQ%3D%3D\" href='https:\/\/eutechnology.ch\/wp-content\/uploads\/2023\/11\/concept-controle-qualite-standard-m-scaled.jpg'><img loading=\"lazy\" decoding=\"async\" width=\"150\" height=\"150\" src=\"https:\/\/eutechnology.ch\/wp-content\/uploads\/2023\/11\/concept-controle-qualite-standard-m-150x150.jpg\" class=\"attachment-thumbnail size-thumbnail\" alt=\"\" \/><\/a>\n\t\t\t<\/div><\/figure><figure class='gallery-item'>\n\t\t\t<div class='gallery-icon landscape'>\n\t\t\t\t<a data-elementor-open-lightbox=\"yes\" data-elementor-lightbox-slideshow=\"171273bf\" data-e-action-hash=\"#elementor-action%3Aaction%3Dlightbox%26settings%3DeyJpZCI6MTAzLCJ1cmwiOiJodHRwczpcL1wvZXV0ZWNobm9sb2d5LmNoXC93cC1jb250ZW50XC91cGxvYWRzXC8yMDIzXC8xMVwvMjMtdGlwcy10by1ydW4teW91ci1idXNpbmVzcy1iZXR0ZXItaW4tMjAyMy0yMDQ4eDExNTItMS5qcGciLCJzbGlkZXNob3ciOiIxNzEyNzNiZiJ9\" href='https:\/\/eutechnology.ch\/wp-content\/uploads\/2023\/11\/23-tips-to-run-your-business-better-in-2023-2048x1152-1.jpg'><img loading=\"lazy\" decoding=\"async\" width=\"150\" height=\"150\" src=\"https:\/\/eutechnology.ch\/wp-content\/uploads\/2023\/11\/23-tips-to-run-your-business-better-in-2023-2048x1152-1-150x150.jpg\" class=\"attachment-thumbnail size-thumbnail\" alt=\"\" \/><\/a>\n\t\t\t<\/div><\/figure><figure class='gallery-item'>\n\t\t\t<div class='gallery-icon landscape'>\n\t\t\t\t<a data-elementor-open-lightbox=\"yes\" data-elementor-lightbox-slideshow=\"171273bf\" data-e-action-hash=\"#elementor-action%3Aaction%3Dlightbox%26settings%3DeyJpZCI6NzIsInVybCI6Imh0dHBzOlwvXC9ldXRlY2hub2xvZ3kuY2hcL3dwLWNvbnRlbnRcL3VwbG9hZHNcLzIwMjNcLzExXC9ARmQyWEBIb1NpMTYyMy5qcGciLCJzbGlkZXNob3ciOiIxNzEyNzNiZiJ9\" href='https:\/\/eutechnology.ch\/wp-content\/uploads\/2023\/11\/@Fd2X@HoSi1623.jpg'><img loading=\"lazy\" decoding=\"async\" width=\"150\" height=\"150\" src=\"https:\/\/eutechnology.ch\/wp-content\/uploads\/2023\/11\/@Fd2X@HoSi1623-150x150.jpg\" class=\"attachment-thumbnail size-thumbnail\" alt=\"\" \/><\/a>\n\t\t\t<\/div><\/figure>\n\t\t<\/div>\n\t\t<\/div>\n\t\t\t\t<\/div>\n\t\t\t\t<\/div>\n\t\t\t\t<\/div>\n\t\t\t\t\t<\/div>\n\t\t\t\t<\/div>\n\t\t<div class=\"elementor-element elementor-element-4ccb3472 e-flex e-con-boxed e-con e-parent\" data-id=\"4ccb3472\" data-element_type=\"container\" data-settings=\"{&quot;background_background&quot;:&quot;classic&quot;}\">\n\t\t\t\t\t<div class=\"e-con-inner\">\n\t\t\t\t<div class=\"elementor-element elementor-element-3455f19d elementor-widget elementor-widget-spacer\" data-id=\"3455f19d\" data-element_type=\"widget\" data-widget_type=\"spacer.default\">\n\t\t\t\t<div class=\"elementor-widget-container\">\n\t\t\t\t\t<div class=\"elementor-spacer\">\n\t\t\t<div class=\"elementor-spacer-inner\"><\/div>\n\t\t<\/div>\n\t\t\t\t<\/div>\n\t\t\t\t<\/div>\n\t\t\t\t\t<\/div>\n\t\t\t\t<\/div>\n\t\t\t\t<\/div>\n\t\t","protected":false},"excerpt":{"rendered":"<p>Certifications Nos pages > Accueil > Notre Soci\u00e9t\u00e9 > Nos Comp\u00e9tences et nos Produits Contacts EU TECHNOLOGY SA 14, Rue du Bassin 2000 NEUCHATEL &#8211; SUISSE Tel\u00a0:\u00a041 32\u00a0722 59 00 Email\u00a0:\u00a0info@eutechnology.ch Gallerie<\/p>\n","protected":false},"author":1,"featured_media":0,"parent":21,"menu_order":0,"comment_status":"closed","ping_status":"closed","template":"elementor_canvas","meta":{"footnotes":""},"class_list":["post-53","page","type-page","status-publish","hentry"],"_links":{"self":[{"href":"https:\/\/eutechnology.ch\/index.php?rest_route=\/wp\/v2\/pages\/53","targetHints":{"allow":["GET"]}}],"collection":[{"href":"https:\/\/eutechnology.ch\/index.php?rest_route=\/wp\/v2\/pages"}],"about":[{"href":"https:\/\/eutechnology.ch\/index.php?rest_route=\/wp\/v2\/types\/page"}],"author":[{"embeddable":true,"href":"https:\/\/eutechnology.ch\/index.php?rest_route=\/wp\/v2\/users\/1"}],"replies":[{"embeddable":true,"href":"https:\/\/eutechnology.ch\/index.php?rest_route=%2Fwp%2Fv2%2Fcomments&post=53"}],"version-history":[{"count":0,"href":"https:\/\/eutechnology.ch\/index.php?rest_route=\/wp\/v2\/pages\/53\/revisions"}],"up":[{"embeddable":true,"href":"https:\/\/eutechnology.ch\/index.php?rest_route=\/wp\/v2\/pages\/21"}],"wp:attachment":[{"href":"https:\/\/eutechnology.ch\/index.php?rest_route=%2Fwp%2Fv2%2Fmedia&parent=53"}],"curies":[{"name":"wp","href":"https:\/\/api.w.org\/{rel}","templated":true}]}}