{"id":29,"date":"2023-11-08T00:33:10","date_gmt":"2023-11-08T00:33:10","guid":{"rendered":"https:\/\/eutechnology.ch\/?page_id=29"},"modified":"2023-12-08T17:37:01","modified_gmt":"2023-12-08T17:37:01","slug":"contacts","status":"publish","type":"page","link":"https:\/\/eutechnology.ch\/?page_id=29","title":{"rendered":"CONTACTS"},"content":{"rendered":"\t\t<div data-elementor-type=\"wp-page\" data-elementor-id=\"29\" class=\"elementor elementor-29\">\n\t\t\t\t<div class=\"elementor-element elementor-element-456fe048 e-con-full e-flex e-con e-parent\" data-id=\"456fe048\" data-element_type=\"container\">\n\t\t\t\t<div class=\"elementor-element elementor-element-520e1072 elementor-widget elementor-widget-image\" data-id=\"520e1072\" data-element_type=\"widget\" data-widget_type=\"image.default\">\n\t\t\t\t<div class=\"elementor-widget-container\">\n\t\t\t\t\t\t\t\t\t\t\t\t\t<img decoding=\"async\" src=\"https:\/\/eutechnology.ch\/wp-content\/uploads\/elementor\/thumbs\/telechargement-qf2cphffcfzvgsjajchp6tgttglxh3r2gwaqh35fqg.jpg\" title=\"t\u00e9l\u00e9chargement\" alt=\"t\u00e9l\u00e9chargement\" loading=\"lazy\" \/>\t\t\t\t\t\t\t\t\t\t\t\t\t<\/div>\n\t\t\t\t<\/div>\n\t\t\t\t<\/div>\n\t\t<div class=\"elementor-element elementor-element-76f1d6a3 e-con-full e-flex e-con e-parent\" data-id=\"76f1d6a3\" data-element_type=\"container\">\n\t\t<div class=\"elementor-element elementor-element-679577db e-con-full e-flex e-con e-child\" data-id=\"679577db\" data-element_type=\"container\">\n\t\t\t\t<div class=\"elementor-element elementor-element-5e140e86 elementor-widget elementor-widget-wp-widget-maxmegamenu\" data-id=\"5e140e86\" data-element_type=\"widget\" data-widget_type=\"wp-widget-maxmegamenu.default\">\n\t\t\t\t<div class=\"elementor-widget-container\">\n\t\t\t<div id=\"mega-menu-wrap-max_mega_menu_1\" class=\"mega-menu-wrap\"><div class=\"mega-menu-toggle\"><div class=\"mega-toggle-blocks-left\"><\/div><div class=\"mega-toggle-blocks-center\"><\/div><div class=\"mega-toggle-blocks-right\"><div class='mega-toggle-block mega-menu-toggle-animated-block mega-toggle-block-0' id='mega-toggle-block-0'><button aria-controls=\"mega-menu-max_mega_menu_1\" aria-expanded=\"false\" aria-haspopup=\"true\" aria-label=\"Toggle Menu\" class=\"mega-toggle-animated mega-toggle-animated-slider\" type=\"button\">\n                  <span class=\"mega-toggle-animated-box\">\n                    <span class=\"mega-toggle-animated-inner\"><\/span>\n                  <\/span>\n                <\/button><\/div><\/div><\/div><ul id=\"mega-menu-max_mega_menu_1\" class=\"mega-menu max-mega-menu mega-menu-horizontal mega-no-js\" data-event=\"hover_intent\" data-effect=\"fade_up\" data-effect-speed=\"200\" data-effect-mobile=\"disabled\" data-effect-speed-mobile=\"0\" data-mobile-force-width=\"false\" data-second-click=\"go\" data-document-click=\"collapse\" data-vertical-behaviour=\"standard\" data-breakpoint=\"768\" data-unbind=\"true\" data-mobile-state=\"collapse_all\" data-mobile-direction=\"vertical\"><li class=\"mega-menu-item mega-menu-item-type-post_type mega-menu-item-object-page mega-menu-item-home mega-align-bottom-left mega-menu-flyout mega-menu-item-40\" id=\"mega-menu-item-40\"><a class=\"mega-menu-link\" href=\"https:\/\/eutechnology.ch\/\">ACCUEIL<\/a><\/li><li class=\"mega-menu-item mega-menu-item-type-post_type mega-menu-item-object-page mega-menu-item-has-children mega-align-bottom-left mega-menu-flyout mega-menu-item-46\" id=\"mega-menu-item-46\"><a class=\"mega-menu-link\" href=\"https:\/\/eutechnology.ch\/?page_id=9\" aria-expanded=\"false\" aria-controls=\"mega-sub-menu-46\">NOTRE SOCIETE<span class=\"mega-indicator\" aria-hidden=\"true\"><\/span><\/a>\n<ul class=\"mega-sub-menu\" id='mega-sub-menu-46'>\n<li class=\"mega-menu-item mega-menu-item-type-post_type mega-menu-item-object-page mega-menu-item-51\" id=\"mega-menu-item-51\"><a class=\"mega-menu-link\" href=\"https:\/\/eutechnology.ch\/?page_id=11\">Qui sommes nous<\/a><\/li><li class=\"mega-menu-item mega-menu-item-type-post_type mega-menu-item-object-page mega-menu-item-47\" id=\"mega-menu-item-47\"><a class=\"mega-menu-link\" href=\"https:\/\/eutechnology.ch\/?page_id=13\">Les dirigeants<\/a><\/li><li class=\"mega-menu-item mega-menu-item-type-post_type mega-menu-item-object-page mega-menu-item-50\" id=\"mega-menu-item-50\"><a class=\"mega-menu-link\" href=\"https:\/\/eutechnology.ch\/?page_id=15\">Notre r\u00e9seau<\/a><\/li><li class=\"mega-menu-item mega-menu-item-type-post_type mega-menu-item-object-page mega-menu-item-48\" id=\"mega-menu-item-48\"><a class=\"mega-menu-link\" href=\"https:\/\/eutechnology.ch\/?page_id=17\">Nos partenaires<\/a><\/li><li class=\"mega-menu-item mega-menu-item-type-post_type mega-menu-item-object-page mega-menu-item-49\" id=\"mega-menu-item-49\"><a class=\"mega-menu-link\" href=\"https:\/\/eutechnology.ch\/?page_id=19\">Nos r\u00e9f\u00e9rences<\/a><\/li><\/ul>\n<\/li><li class=\"mega-menu-item mega-menu-item-type-post_type mega-menu-item-object-page mega-menu-item-has-children mega-align-bottom-left mega-menu-flyout mega-menu-item-42\" id=\"mega-menu-item-42\"><a class=\"mega-menu-link\" href=\"https:\/\/eutechnology.ch\/?page_id=21\" aria-expanded=\"false\" aria-controls=\"mega-sub-menu-42\">NOTRE EXPERTISE<span class=\"mega-indicator\" aria-hidden=\"true\"><\/span><\/a>\n<ul class=\"mega-sub-menu\" id='mega-sub-menu-42'>\n<li class=\"mega-menu-item mega-menu-item-type-post_type mega-menu-item-object-page mega-menu-item-44\" id=\"mega-menu-item-44\"><a class=\"mega-menu-link\" href=\"https:\/\/eutechnology.ch\/?page_id=25\">Infrastructure<\/a><\/li><li class=\"mega-menu-item mega-menu-item-type-post_type mega-menu-item-object-page mega-menu-item-43\" id=\"mega-menu-item-43\"><a class=\"mega-menu-link\" href=\"https:\/\/eutechnology.ch\/?page_id=23\">Gestion des donn\u00e9es<\/a><\/li><li class=\"mega-menu-item mega-menu-item-type-post_type mega-menu-item-object-page mega-menu-item-45\" id=\"mega-menu-item-45\"><a class=\"mega-menu-link\" href=\"https:\/\/eutechnology.ch\/?page_id=27\">Maintenance<\/a><\/li><li class=\"mega-menu-item mega-menu-item-type-post_type mega-menu-item-object-page mega-menu-item-55\" id=\"mega-menu-item-55\"><a class=\"mega-menu-link\" href=\"https:\/\/eutechnology.ch\/?page_id=53\">Certifications<\/a><\/li><\/ul>\n<\/li><li class=\"mega-menu-item mega-menu-item-type-post_type mega-menu-item-object-page mega-align-bottom-left mega-menu-flyout mega-menu-item-52\" id=\"mega-menu-item-52\"><a class=\"mega-menu-link\" href=\"https:\/\/eutechnology.ch\/?page_id=29\">CONTACTS<\/a><\/li><\/ul><\/div>\t\t<\/div>\n\t\t\t\t<\/div>\n\t\t\t\t<\/div>\n\t\t\t\t<\/div>\n\t\t<div class=\"elementor-element elementor-element-2a72d794 e-con-full e-flex e-con e-parent\" data-id=\"2a72d794\" data-element_type=\"container\" data-settings=\"{&quot;background_background&quot;:&quot;classic&quot;}\">\n\t\t\t\t<div class=\"elementor-element elementor-element-200572a9 elementor-widget elementor-widget-spacer\" data-id=\"200572a9\" data-element_type=\"widget\" data-widget_type=\"spacer.default\">\n\t\t\t\t<div class=\"elementor-widget-container\">\n\t\t\t\t\t<div class=\"elementor-spacer\">\n\t\t\t<div class=\"elementor-spacer-inner\"><\/div>\n\t\t<\/div>\n\t\t\t\t<\/div>\n\t\t\t\t<\/div>\n\t\t\t\t<div class=\"elementor-element elementor-element-5249744f elementor-widget__width-inherit elementor-widget elementor-widget-heading\" data-id=\"5249744f\" data-element_type=\"widget\" data-widget_type=\"heading.default\">\n\t\t\t\t<div class=\"elementor-widget-container\">\n\t\t\t<h2 class=\"elementor-heading-title elementor-size-default\">Nous contacter<\/h2>\t\t<\/div>\n\t\t\t\t<\/div>\n\t\t\t\t<\/div>\n\t\t<div class=\"elementor-element elementor-element-eb2dbc3 e-flex e-con-boxed e-con e-parent\" data-id=\"eb2dbc3\" data-element_type=\"container\">\n\t\t\t\t\t<div class=\"e-con-inner\">\n\t\t\t\t<div class=\"elementor-element elementor-element-3b0051b elementor-widget elementor-widget-spacer\" data-id=\"3b0051b\" data-element_type=\"widget\" data-widget_type=\"spacer.default\">\n\t\t\t\t<div class=\"elementor-widget-container\">\n\t\t\t\t\t<div class=\"elementor-spacer\">\n\t\t\t<div class=\"elementor-spacer-inner\"><\/div>\n\t\t<\/div>\n\t\t\t\t<\/div>\n\t\t\t\t<\/div>\n\t\t\t\t\t<\/div>\n\t\t\t\t<\/div>\n\t\t<div class=\"elementor-element elementor-element-4f14cd2 e-flex e-con-boxed e-con e-parent\" data-id=\"4f14cd2\" data-element_type=\"container\">\n\t\t\t\t\t<div class=\"e-con-inner\">\n\t\t<div class=\"elementor-element elementor-element-ab03d00 e-con-full e-flex e-con e-child\" data-id=\"ab03d00\" data-element_type=\"container\">\n\t\t\t\t<\/div>\n\t\t<div class=\"elementor-element elementor-element-fc7c763 e-con-full e-flex e-con e-child\" data-id=\"fc7c763\" data-element_type=\"container\">\n\t\t\t\t<div class=\"elementor-element elementor-element-4638e92 elementor-widget elementor-widget-wpforms\" data-id=\"4638e92\" data-element_type=\"widget\" data-widget_type=\"wpforms.default\">\n\t\t\t\t<div class=\"elementor-widget-container\">\n\t\t\t<div class=\"wpforms-container wpforms-container-full wpforms-render-modern\" id=\"wpforms-465\"><form id=\"wpforms-form-465\" class=\"wpforms-validate wpforms-form wpforms-ajax-form\" data-formid=\"465\" method=\"post\" enctype=\"multipart\/form-data\" action=\"\/index.php?rest_route=%2Fwp%2Fv2%2Fpages%2F29\" data-token=\"62f4736ff8e6cd10ce23a16aa7587b2a\" data-token-time=\"1778588131\"><noscript class=\"wpforms-error-noscript\">Veuillez activer JavaScript dans votre navigateur pour remplir ce formulaire.<\/noscript><div id=\"wpforms-error-noscript\" style=\"display: none;\">Veuillez activer JavaScript dans votre navigateur pour remplir ce formulaire.<\/div><div class=\"wpforms-field-container\"><div id=\"wpforms-465-field_13-container\" class=\"wpforms-field wpforms-field-text\" data-field-id=\"13\"><label class=\"wpforms-field-label\" for=\"wpforms-465-field_13\">Nom et Pr\u00e9noms<\/label><input type=\"text\" id=\"wpforms-465-field_13\" class=\"wpforms-field-medium\" name=\"wpforms[fields][13]\" aria-errormessage=\"wpforms-465-field_13-error\" ><\/div><div id=\"wpforms-465-field_14-container\" class=\"wpforms-field wpforms-field-email\" data-field-id=\"14\"><label class=\"wpforms-field-label\" for=\"wpforms-465-field_14\">E-mail <span class=\"wpforms-required-label\" aria-hidden=\"true\">*<\/span><\/label><input type=\"email\" id=\"wpforms-465-field_14\" class=\"wpforms-field-medium wpforms-field-required\" name=\"wpforms[fields][14]\" spellcheck=\"false\" aria-errormessage=\"wpforms-465-field_14-error\" required><\/div><div id=\"wpforms-465-field_4-container\" class=\"wpforms-field wpforms-field-textarea\" data-field-id=\"4\"><label class=\"wpforms-field-label\" for=\"wpforms-465-field_4\">Pr\u00e9occupation<\/label><textarea id=\"wpforms-465-field_4\" class=\"wpforms-field-medium\" name=\"wpforms[fields][4]\" aria-errormessage=\"wpforms-465-field_4-error\" ><\/textarea><\/div><\/div><!-- .wpforms-field-container --><div class=\"wpforms-submit-container\" ><input type=\"hidden\" name=\"wpforms[id]\" value=\"465\"><input type=\"hidden\" name=\"page_title\" value=\"\"><input type=\"hidden\" name=\"page_url\" value=\"https:\/\/eutechnology.ch\/index.php?rest_route=\/wp\/v2\/pages\/29\"><input type=\"hidden\" name=\"url_referer\" value=\"\"><button type=\"submit\" name=\"wpforms[submit]\" id=\"wpforms-submit-465\" class=\"wpforms-submit\" data-alt-text=\"Envoi...\" data-submit-text=\"Envoyer\" aria-live=\"assertive\" value=\"wpforms-submit\">Envoyer<\/button><img decoding=\"async\" src=\"https:\/\/eutechnology.ch\/wp-content\/plugins\/wpforms-lite\/assets\/images\/submit-spin.svg\" class=\"wpforms-submit-spinner\" style=\"display: none;\" width=\"26\" height=\"26\" alt=\"Chargement en cours\"><\/div><\/form><\/div>  <!-- .wpforms-container -->\t\t<\/div>\n\t\t\t\t<\/div>\n\t\t\t\t<\/div>\n\t\t\t\t\t<\/div>\n\t\t\t\t<\/div>\n\t\t<div class=\"elementor-element elementor-element-9e07f17 e-flex e-con-boxed e-con e-parent\" data-id=\"9e07f17\" data-element_type=\"container\">\n\t\t\t\t\t<div class=\"e-con-inner\">\n\t\t\t\t\t<\/div>\n\t\t\t\t<\/div>\n\t\t<div class=\"elementor-element elementor-element-676e3677 e-con-full e-flex e-con e-parent\" data-id=\"676e3677\" data-element_type=\"container\" data-settings=\"{&quot;background_background&quot;:&quot;classic&quot;}\">\n\t\t\t\t<div class=\"elementor-element elementor-element-1e1783e5 elementor-widget elementor-widget-image\" data-id=\"1e1783e5\" data-element_type=\"widget\" data-widget_type=\"image.default\">\n\t\t\t\t<div class=\"elementor-widget-container\">\n\t\t\t\t\t\t\t\t\t\t\t\t\t<img fetchpriority=\"high\" decoding=\"async\" width=\"2560\" height=\"511\" src=\"https:\/\/eutechnology.ch\/wp-content\/uploads\/2023\/11\/concept-collage-html-css-personne-2-scaled.jpg\" class=\"attachment-full size-full wp-image-246\" alt=\"\" srcset=\"https:\/\/eutechnology.ch\/wp-content\/uploads\/2023\/11\/concept-collage-html-css-personne-2-scaled.jpg 2560w, https:\/\/eutechnology.ch\/wp-content\/uploads\/2023\/11\/concept-collage-html-css-personne-2-300x60.jpg 300w, https:\/\/eutechnology.ch\/wp-content\/uploads\/2023\/11\/concept-collage-html-css-personne-2-1024x205.jpg 1024w, https:\/\/eutechnology.ch\/wp-content\/uploads\/2023\/11\/concept-collage-html-css-personne-2-768x153.jpg 768w, https:\/\/eutechnology.ch\/wp-content\/uploads\/2023\/11\/concept-collage-html-css-personne-2-1536x307.jpg 1536w, https:\/\/eutechnology.ch\/wp-content\/uploads\/2023\/11\/concept-collage-html-css-personne-2-2048x409.jpg 2048w, https:\/\/eutechnology.ch\/wp-content\/uploads\/2023\/11\/concept-collage-html-css-personne-2-200x40.jpg 200w\" sizes=\"(max-width: 2560px) 100vw, 2560px\" \/>\t\t\t\t\t\t\t\t\t\t\t\t\t<\/div>\n\t\t\t\t<\/div>\n\t\t\t\t<\/div>\n\t\t<div class=\"elementor-element elementor-element-7be3c720 e-flex e-con-boxed e-con e-parent\" data-id=\"7be3c720\" data-element_type=\"container\" data-settings=\"{&quot;background_background&quot;:&quot;classic&quot;}\">\n\t\t\t\t\t<div class=\"e-con-inner\">\n\t\t\t\t<div class=\"elementor-element elementor-element-690619ad elementor-widget elementor-widget-spacer\" data-id=\"690619ad\" data-element_type=\"widget\" data-widget_type=\"spacer.default\">\n\t\t\t\t<div class=\"elementor-widget-container\">\n\t\t\t\t\t<div class=\"elementor-spacer\">\n\t\t\t<div class=\"elementor-spacer-inner\"><\/div>\n\t\t<\/div>\n\t\t\t\t<\/div>\n\t\t\t\t<\/div>\n\t\t\t\t\t<\/div>\n\t\t\t\t<\/div>\n\t\t<div class=\"elementor-element elementor-element-77382728 e-flex e-con-boxed e-con e-parent\" data-id=\"77382728\" data-element_type=\"container\" data-settings=\"{&quot;background_background&quot;:&quot;classic&quot;}\">\n\t\t\t\t\t<div class=\"e-con-inner\">\n\t\t<div class=\"elementor-element elementor-element-65186730 e-con-full e-flex e-con e-child\" data-id=\"65186730\" data-element_type=\"container\">\n\t\t\t\t<div class=\"elementor-element elementor-element-62bd5d05 elementor-widget elementor-widget-heading\" data-id=\"62bd5d05\" data-element_type=\"widget\" data-widget_type=\"heading.default\">\n\t\t\t\t<div class=\"elementor-widget-container\">\n\t\t\t<h2 class=\"elementor-heading-title elementor-size-default\">Nos pages<\/h2>\t\t<\/div>\n\t\t\t\t<\/div>\n\t\t\t\t<div class=\"elementor-element elementor-element-29191248 elementor-widget elementor-widget-heading\" data-id=\"29191248\" data-element_type=\"widget\" data-widget_type=\"heading.default\">\n\t\t\t\t<div class=\"elementor-widget-container\">\n\t\t\t<h2 class=\"elementor-heading-title elementor-size-default\">&gt; Accueil<\/h2>\t\t<\/div>\n\t\t\t\t<\/div>\n\t\t\t\t<div class=\"elementor-element elementor-element-517fadc4 elementor-widget elementor-widget-heading\" data-id=\"517fadc4\" data-element_type=\"widget\" data-widget_type=\"heading.default\">\n\t\t\t\t<div class=\"elementor-widget-container\">\n\t\t\t<h2 class=\"elementor-heading-title elementor-size-default\">&gt; Notre Soci\u00e9t\u00e9<\/h2>\t\t<\/div>\n\t\t\t\t<\/div>\n\t\t\t\t<div class=\"elementor-element elementor-element-3940b83d elementor-widget elementor-widget-heading\" data-id=\"3940b83d\" data-element_type=\"widget\" data-widget_type=\"heading.default\">\n\t\t\t\t<div class=\"elementor-widget-container\">\n\t\t\t<h2 class=\"elementor-heading-title elementor-size-default\">&gt; Nos Comp\u00e9tences et nos Produits<\/h2>\t\t<\/div>\n\t\t\t\t<\/div>\n\t\t\t\t<\/div>\n\t\t<div class=\"elementor-element elementor-element-400d2a85 e-con-full e-flex e-con e-child\" data-id=\"400d2a85\" data-element_type=\"container\">\n\t\t\t\t<div class=\"elementor-element elementor-element-357cbac6 elementor-widget elementor-widget-heading\" data-id=\"357cbac6\" data-element_type=\"widget\" data-widget_type=\"heading.default\">\n\t\t\t\t<div class=\"elementor-widget-container\">\n\t\t\t<h2 class=\"elementor-heading-title elementor-size-default\">Contacts<\/h2>\t\t<\/div>\n\t\t\t\t<\/div>\n\t\t\t\t<div class=\"elementor-element elementor-element-3632fc91 elementor-widget elementor-widget-heading\" data-id=\"3632fc91\" data-element_type=\"widget\" data-widget_type=\"heading.default\">\n\t\t\t\t<div class=\"elementor-widget-container\">\n\t\t\t<h2 class=\"elementor-heading-title elementor-size-default\">EU TECHNOLOGY SA<\/h2>\t\t<\/div>\n\t\t\t\t<\/div>\n\t\t\t\t<div class=\"elementor-element elementor-element-2d215344 elementor-widget elementor-widget-heading\" data-id=\"2d215344\" data-element_type=\"widget\" data-widget_type=\"heading.default\">\n\t\t\t\t<div class=\"elementor-widget-container\">\n\t\t\t<h2 class=\"elementor-heading-title elementor-size-default\">14, Rue du Bassin<\/h2>\t\t<\/div>\n\t\t\t\t<\/div>\n\t\t\t\t<div class=\"elementor-element elementor-element-3dd13fba elementor-widget elementor-widget-heading\" data-id=\"3dd13fba\" data-element_type=\"widget\" data-widget_type=\"heading.default\">\n\t\t\t\t<div class=\"elementor-widget-container\">\n\t\t\t<h2 class=\"elementor-heading-title elementor-size-default\">2000 NEUCHATEL - SUISSE<\/h2>\t\t<\/div>\n\t\t\t\t<\/div>\n\t\t\t\t<div class=\"elementor-element elementor-element-41e7441a elementor-widget elementor-widget-heading\" data-id=\"41e7441a\" data-element_type=\"widget\" data-widget_type=\"heading.default\">\n\t\t\t\t<div class=\"elementor-widget-container\">\n\t\t\t<h2 class=\"elementor-heading-title elementor-size-default\">Tel\u00a0:\u00a041 32\u00a0722 59 00<\/h2>\t\t<\/div>\n\t\t\t\t<\/div>\n\t\t\t\t<div class=\"elementor-element elementor-element-1d396901 elementor-widget elementor-widget-heading\" data-id=\"1d396901\" data-element_type=\"widget\" data-widget_type=\"heading.default\">\n\t\t\t\t<div class=\"elementor-widget-container\">\n\t\t\t<h2 class=\"elementor-heading-title elementor-size-default\">Email\u00a0:\u00a0info@eutechnology.ch<\/h2>\t\t<\/div>\n\t\t\t\t<\/div>\n\t\t\t\t<\/div>\n\t\t<div class=\"elementor-element elementor-element-1b087184 e-con-full e-flex e-con e-child\" data-id=\"1b087184\" data-element_type=\"container\">\n\t\t\t\t<div class=\"elementor-element elementor-element-71d3b5ed elementor-widget elementor-widget-heading\" data-id=\"71d3b5ed\" data-element_type=\"widget\" data-widget_type=\"heading.default\">\n\t\t\t\t<div class=\"elementor-widget-container\">\n\t\t\t<h2 class=\"elementor-heading-title elementor-size-default\">Gallerie<\/h2>\t\t<\/div>\n\t\t\t\t<\/div>\n\t\t\t\t<div class=\"elementor-element elementor-element-158821a9 elementor-widget elementor-widget-image-gallery\" data-id=\"158821a9\" data-element_type=\"widget\" data-widget_type=\"image-gallery.default\">\n\t\t\t\t<div class=\"elementor-widget-container\">\n\t\t\t\t\t<div class=\"elementor-image-gallery\">\n\t\t\t<div id='gallery-1' class='gallery galleryid-29 gallery-columns-4 gallery-size-thumbnail'><figure class='gallery-item'>\n\t\t\t<div class='gallery-icon landscape'>\n\t\t\t\t<a data-elementor-open-lightbox=\"yes\" data-elementor-lightbox-slideshow=\"158821a9\" data-e-action-hash=\"#elementor-action%3Aaction%3Dlightbox%26settings%3DeyJpZCI6ODEsInVybCI6Imh0dHBzOlwvXC9ldXRlY2hub2xvZ3kuY2hcL3dwLWNvbnRlbnRcL3VwbG9hZHNcLzIwMjNcLzExXC9qZXVuZS1pbmdlbmlldXItYWR1bHRlLXRlbmFudC1wdWNlLWluZm9ybWF0aXF1ZS1zb3VkZWUtZ2VuZXJlZS1wYXItaWEtc2NhbGVkLmpwZyIsInNsaWRlc2hvdyI6IjE1ODgyMWE5In0%3D\" href='https:\/\/eutechnology.ch\/wp-content\/uploads\/2023\/11\/jeune-ingenieur-adulte-tenant-puce-informatique-soudee-generee-par-ia-scaled.jpg'><img decoding=\"async\" width=\"150\" height=\"150\" src=\"https:\/\/eutechnology.ch\/wp-content\/uploads\/2023\/11\/jeune-ingenieur-adulte-tenant-puce-informatique-soudee-generee-par-ia-150x150.jpg\" class=\"attachment-thumbnail size-thumbnail\" alt=\"\" \/><\/a>\n\t\t\t<\/div><\/figure><figure class='gallery-item'>\n\t\t\t<div class='gallery-icon landscape'>\n\t\t\t\t<a data-elementor-open-lightbox=\"yes\" data-elementor-lightbox-slideshow=\"158821a9\" data-e-action-hash=\"#elementor-action%3Aaction%3Dlightbox%26settings%3DeyJpZCI6ODAsInVybCI6Imh0dHBzOlwvXC9ldXRlY2hub2xvZ3kuY2hcL3dwLWNvbnRlbnRcL3VwbG9hZHNcLzIwMjNcLzExXC9jb25jZXB0LWNvbnRyb2xlLXF1YWxpdGUtc3RhbmRhcmQtbS0xLXNjYWxlZC5qcGciLCJzbGlkZXNob3ciOiIxNTg4MjFhOSJ9\" href='https:\/\/eutechnology.ch\/wp-content\/uploads\/2023\/11\/concept-controle-qualite-standard-m-1-scaled.jpg'><img loading=\"lazy\" decoding=\"async\" width=\"150\" height=\"150\" src=\"https:\/\/eutechnology.ch\/wp-content\/uploads\/2023\/11\/concept-controle-qualite-standard-m-1-150x150.jpg\" class=\"attachment-thumbnail size-thumbnail\" alt=\"\" \/><\/a>\n\t\t\t<\/div><\/figure><figure class='gallery-item'>\n\t\t\t<div class='gallery-icon landscape'>\n\t\t\t\t<a data-elementor-open-lightbox=\"yes\" data-elementor-lightbox-slideshow=\"158821a9\" data-e-action-hash=\"#elementor-action%3Aaction%3Dlightbox%26settings%3DeyJpZCI6NzcsInVybCI6Imh0dHBzOlwvXC9ldXRlY2hub2xvZ3kuY2hcL3dwLWNvbnRlbnRcL3VwbG9hZHNcLzIwMjNcLzExXC9jb25jZXB0LWNvbGxhZ2UtaHRtbC1jc3MtcGVyc29ubmUtc2NhbGVkLmpwZyIsInNsaWRlc2hvdyI6IjE1ODgyMWE5In0%3D\" href='https:\/\/eutechnology.ch\/wp-content\/uploads\/2023\/11\/concept-collage-html-css-personne-scaled.jpg'><img loading=\"lazy\" decoding=\"async\" width=\"150\" height=\"150\" src=\"https:\/\/eutechnology.ch\/wp-content\/uploads\/2023\/11\/concept-collage-html-css-personne-150x150.jpg\" class=\"attachment-thumbnail size-thumbnail\" alt=\"\" \/><\/a>\n\t\t\t<\/div><\/figure><figure class='gallery-item'>\n\t\t\t<div class='gallery-icon landscape'>\n\t\t\t\t<a data-elementor-open-lightbox=\"yes\" data-elementor-lightbox-slideshow=\"158821a9\" data-e-action-hash=\"#elementor-action%3Aaction%3Dlightbox%26settings%3DeyJpZCI6NzgsInVybCI6Imh0dHBzOlwvXC9ldXRlY2hub2xvZ3kuY2hcL3dwLWNvbnRlbnRcL3VwbG9hZHNcLzIwMjNcLzExXC9jb25jZXB0LWNvbnRyb2xlLXF1YWxpdGUtc3RhbmRhcmQtbS1zY2FsZWQuanBnIiwic2xpZGVzaG93IjoiMTU4ODIxYTkifQ%3D%3D\" href='https:\/\/eutechnology.ch\/wp-content\/uploads\/2023\/11\/concept-controle-qualite-standard-m-scaled.jpg'><img loading=\"lazy\" decoding=\"async\" width=\"150\" height=\"150\" src=\"https:\/\/eutechnology.ch\/wp-content\/uploads\/2023\/11\/concept-controle-qualite-standard-m-150x150.jpg\" class=\"attachment-thumbnail size-thumbnail\" alt=\"\" \/><\/a>\n\t\t\t<\/div><\/figure><figure class='gallery-item'>\n\t\t\t<div class='gallery-icon landscape'>\n\t\t\t\t<a data-elementor-open-lightbox=\"yes\" data-elementor-lightbox-slideshow=\"158821a9\" data-e-action-hash=\"#elementor-action%3Aaction%3Dlightbox%26settings%3DeyJpZCI6MTAzLCJ1cmwiOiJodHRwczpcL1wvZXV0ZWNobm9sb2d5LmNoXC93cC1jb250ZW50XC91cGxvYWRzXC8yMDIzXC8xMVwvMjMtdGlwcy10by1ydW4teW91ci1idXNpbmVzcy1iZXR0ZXItaW4tMjAyMy0yMDQ4eDExNTItMS5qcGciLCJzbGlkZXNob3ciOiIxNTg4MjFhOSJ9\" href='https:\/\/eutechnology.ch\/wp-content\/uploads\/2023\/11\/23-tips-to-run-your-business-better-in-2023-2048x1152-1.jpg'><img loading=\"lazy\" decoding=\"async\" width=\"150\" height=\"150\" src=\"https:\/\/eutechnology.ch\/wp-content\/uploads\/2023\/11\/23-tips-to-run-your-business-better-in-2023-2048x1152-1-150x150.jpg\" class=\"attachment-thumbnail size-thumbnail\" alt=\"\" \/><\/a>\n\t\t\t<\/div><\/figure><figure class='gallery-item'>\n\t\t\t<div class='gallery-icon landscape'>\n\t\t\t\t<a data-elementor-open-lightbox=\"yes\" data-elementor-lightbox-slideshow=\"158821a9\" data-e-action-hash=\"#elementor-action%3Aaction%3Dlightbox%26settings%3DeyJpZCI6NzIsInVybCI6Imh0dHBzOlwvXC9ldXRlY2hub2xvZ3kuY2hcL3dwLWNvbnRlbnRcL3VwbG9hZHNcLzIwMjNcLzExXC9ARmQyWEBIb1NpMTYyMy5qcGciLCJzbGlkZXNob3ciOiIxNTg4MjFhOSJ9\" href='https:\/\/eutechnology.ch\/wp-content\/uploads\/2023\/11\/@Fd2X@HoSi1623.jpg'><img loading=\"lazy\" decoding=\"async\" width=\"150\" height=\"150\" src=\"https:\/\/eutechnology.ch\/wp-content\/uploads\/2023\/11\/@Fd2X@HoSi1623-150x150.jpg\" class=\"attachment-thumbnail size-thumbnail\" alt=\"\" \/><\/a>\n\t\t\t<\/div><\/figure>\n\t\t<\/div>\n\t\t<\/div>\n\t\t\t\t<\/div>\n\t\t\t\t<\/div>\n\t\t\t\t<\/div>\n\t\t\t\t\t<\/div>\n\t\t\t\t<\/div>\n\t\t<div class=\"elementor-element elementor-element-196addb5 e-flex e-con-boxed e-con e-parent\" data-id=\"196addb5\" data-element_type=\"container\" data-settings=\"{&quot;background_background&quot;:&quot;classic&quot;}\">\n\t\t\t\t\t<div class=\"e-con-inner\">\n\t\t\t\t<div class=\"elementor-element elementor-element-1879c8d2 elementor-widget elementor-widget-spacer\" data-id=\"1879c8d2\" data-element_type=\"widget\" data-widget_type=\"spacer.default\">\n\t\t\t\t<div class=\"elementor-widget-container\">\n\t\t\t\t\t<div class=\"elementor-spacer\">\n\t\t\t<div class=\"elementor-spacer-inner\"><\/div>\n\t\t<\/div>\n\t\t\t\t<\/div>\n\t\t\t\t<\/div>\n\t\t\t\t\t<\/div>\n\t\t\t\t<\/div>\n\t\t\t\t<\/div>\n\t\t","protected":false},"excerpt":{"rendered":"<p>Nous contacter Veuillez activer JavaScript dans votre navigateur pour remplir ce formulaire.Veuillez activer JavaScript dans votre navigateur pour remplir ce formulaire.Nom et Pr\u00e9nomsE-mail *Pr\u00e9occupation Envoyer Nos pages > Accueil > Notre Soci\u00e9t\u00e9 > Nos Comp\u00e9tences et nos Produits Contacts EU TECHNOLOGY SA 14, Rue du Bassin 2000 NEUCHATEL &#8211; SUISSE Tel\u00a0:\u00a041 32\u00a0722 59 00 Email\u00a0:\u00a0info@eutechnology.ch [&hellip;]<\/p>\n","protected":false},"author":1,"featured_media":0,"parent":0,"menu_order":0,"comment_status":"closed","ping_status":"closed","template":"elementor_canvas","meta":{"footnotes":""},"class_list":["post-29","page","type-page","status-publish","hentry"],"_links":{"self":[{"href":"https:\/\/eutechnology.ch\/index.php?rest_route=\/wp\/v2\/pages\/29","targetHints":{"allow":["GET"]}}],"collection":[{"href":"https:\/\/eutechnology.ch\/index.php?rest_route=\/wp\/v2\/pages"}],"about":[{"href":"https:\/\/eutechnology.ch\/index.php?rest_route=\/wp\/v2\/types\/page"}],"author":[{"embeddable":true,"href":"https:\/\/eutechnology.ch\/index.php?rest_route=\/wp\/v2\/users\/1"}],"replies":[{"embeddable":true,"href":"https:\/\/eutechnology.ch\/index.php?rest_route=%2Fwp%2Fv2%2Fcomments&post=29"}],"version-history":[{"count":0,"href":"https:\/\/eutechnology.ch\/index.php?rest_route=\/wp\/v2\/pages\/29\/revisions"}],"wp:attachment":[{"href":"https:\/\/eutechnology.ch\/index.php?rest_route=%2Fwp%2Fv2%2Fmedia&parent=29"}],"curies":[{"name":"wp","href":"https:\/\/api.w.org\/{rel}","templated":true}]}}